{"id":4600,"date":"2017-01-27T17:18:20","date_gmt":"2017-01-27T17:18:20","guid":{"rendered":"http:\/\/www.planetamagicbarcelona.com\/nuestro-chiquipark"},"modified":"2017-02-27T13:01:58","modified_gmt":"2017-02-27T13:01:58","slug":"el-nostre-chiquipark","status":"publish","type":"page","link":"https:\/\/www.planetamagicbarcelona.com\/ca\/el-nostre-chiquipark","title":{"rendered":"EL CHIQUIPARK"},"content":{"rendered":"<div class=\"wpb-content-wrapper\"><p>[vc_row css=&#8221;.vc_custom_1486228589402{margin-top: -120px !important;}&#8221;][vc_column width=&#8221;2\/3&#8243;][vc_empty_space]<div id=\"ultimate-heading-651569dc3ea2dcf86\" class=\"uvc-heading ult-adjust-bottom-margin ultimate-heading-651569dc3ea2dcf86 uvc-3623 \" data-hspacer=\"no_spacer\"  data-halign=\"left\" style=\"text-align:left\"><div class=\"uvc-heading-spacer no_spacer\" style=\"top\"><\/div><div class=\"uvc-main-heading ult-responsive\"  data-ultimate-target='.uvc-heading.ultimate-heading-651569dc3ea2dcf86 h1'  data-responsive-json-new='{\"font-size\":\"desktop:24px;\",\"line-height\":\"\"}' ><h1 style=\"font-weight:bold;color:#0d9c2b;\">EL NOSTRE CHIQUIPARK<\/h1><\/div><\/div><div id=\"ultimate-heading-840869dc3ea2dd00d\" class=\"uvc-heading ult-adjust-bottom-margin ultimate-heading-840869dc3ea2dd00d uvc-2388 \" data-hspacer=\"no_spacer\"  data-halign=\"left\" style=\"text-align:left\"><div class=\"uvc-heading-spacer no_spacer\" style=\"top\"><\/div><div class=\"uvc-main-heading ult-responsive\"  data-ultimate-target='.uvc-heading.ultimate-heading-840869dc3ea2dd00d h2'  data-responsive-json-new='{\"font-size\":\"desktop:20px;\",\"line-height\":\"\"}' ><h2 style=\"font-style:italic;font-weight:normal;color:#848484;\">Creadors d'il\u00b7lusions!<\/h2><\/div><\/div>[vc_column_text]<\/p>\n<h1 style=\"text-align: justify;\"><span style=\"font-weight: 400;\">En Planeta Magic portem tretze anys fent que els nens es diverteixin com mai!<br \/>\n<\/span><span style=\"font-weight: 400;\"><br \/>\n<\/span><span style=\"font-weight: 400;\">El <strong>nostre chiquipark disposa de 600m2 de jocs i diversi<\/strong>\u00f3 per a <strong>nens i adults<\/strong> en ple cor de <strong>l&#8217;Eixample de Barcelona.<\/strong><\/span><span style=\"font-weight: 400;\"><br \/>\n<\/span><span style=\"font-weight: 400;\">Els diferents espais de joc del parc <strong>PLANETA MAGIC<\/strong> s\u00f3n <strong>aptes per a totes les edats assenyalades<\/strong>, a m\u00e9s de <strong>complir estrictament amb les normatives europees de seguretat.<\/strong><\/span><span style=\"font-weight: 400;\"><br \/>\n<\/span><\/h1>\n<p>[\/vc_column_text][\/vc_column][vc_column width=&#8221;1\/3&#8243;][vc_empty_space][vc_single_image image=&#8221;4306&#8243; img_size=&#8221;full&#8221; alignment=&#8221;right&#8221; css_animation=&#8221;appear&#8221;][\/vc_column][\/vc_row][vc_row][vc_column width=&#8221;1\/3&#8243;][vc_custom_heading text=&#8221;FINS A 2 ANYS<br \/>\n&#8221; font_container=&#8221;tag:h2|font_size:21|text_align:left|color:%230d982b&#8221; google_fonts=&#8221;font_family:Arvo%3Aregular%2Citalic%2C700%2C700italic|font_style:700%20bold%20regular%3A700%3Anormal&#8221;][vc_column_text]<\/p>\n<p style=\"text-align: justify;\"><span style=\"font-weight: 400;\">Disposem de zones de jocs diferenciades per a cada edat: una zona pels m\u00e9s petits (entre 1 i 2 anys) amb elements de psicomotricitat i piscina de boles inclosa!. A m\u00e9s, els quatre llits el\u00e0stiques poden ser utilitzats per tots els nens sense difer\u00e8ncia d&#8217;edat.<\/span><span style=\"font-weight: 400;\"><br \/>\n<\/span><\/p>\n<p>[\/vc_column_text][\/vc_column][vc_column width=&#8221;1\/3&#8243;][vc_single_image image=&#8221;4496&#8243; img_size=&#8221;full&#8221; css_animation=&#8221;left-to-right&#8221;][\/vc_column][vc_column width=&#8221;1\/3&#8243;][vc_single_image image=&#8221;4495&#8243; img_size=&#8221;full&#8221; css_animation=&#8221;right-to-left&#8221;][\/vc_column][\/vc_row][vc_row][vc_column width=&#8221;1\/3&#8243;][vc_custom_heading text=&#8221;A PARTIR DE 3 ANYS&#8221; font_container=&#8221;tag:h2|font_size:21|text_align:left|color:%23e20d40&#8243; google_fonts=&#8221;font_family:Arvo%3Aregular%2Citalic%2C700%2C700italic|font_style:700%20bold%20regular%3A700%3Anormal&#8221;][vc_column_text]<\/p>\n<p style=\"text-align: justify;\"><span style=\"font-weight: 400;\">Pels que ja s\u00f3n una mica m\u00e9s grandes,, a partir dels 3 anys, comptem amb un inflable gegant de tem\u00e0tica medieval i una estructura de tres pisos amb tota classe de jocs i obstacles. B\u00e9, i no ens podem oblidar de la piscina de boles! Tan chula que fins a t\u00e9 un tobogan que et porta directe per submergir-te entre les boles!<\/span><span style=\"font-weight: 400;\"><br \/>\n<\/span><\/p>\n<p>[\/vc_column_text][\/vc_column][vc_column width=&#8221;1\/3&#8243;][vc_single_image image=&#8221;4497&#8243; img_size=&#8221;full&#8221; css_animation=&#8221;right-to-left&#8221;][\/vc_column][vc_column width=&#8221;1\/3&#8243;][vc_single_image image=&#8221;4498&#8243; img_size=&#8221;full&#8221; css_animation=&#8221;right-to-left&#8221;][\/vc_column][\/vc_row][vc_row][vc_column width=&#8221;1\/3&#8243;][vc_custom_heading text=&#8221;L&#8217;ESCENARI<br \/>\n&#8221; font_container=&#8221;tag:h2|font_size:21|text_align:left|color:%23e20d40&#8243; google_fonts=&#8221;font_family:Arvo%3Aregular%2Citalic%2C700%2C700italic|font_style:700%20bold%20regular%3A700%3Anormal&#8221;][vc_column_text]<span style=\"font-weight: 400;\">I a la zona central, una de les estrelles del parc: un gran escenari per realitzar les millors animacions!: balls, globoflexia, lliurament de regals i maquillatge.<\/span><span style=\"font-weight: 400;\"><br \/>\n<\/span>[\/vc_column_text][\/vc_column][vc_column width=&#8221;1\/3&#8243;][vc_single_image image=&#8221;4499&#8243; img_size=&#8221;full&#8221; css_animation=&#8221;right-to-left&#8221;][\/vc_column][vc_column width=&#8221;1\/3&#8243;][vc_single_image image=&#8221;4500&#8243; img_size=&#8221;full&#8221; css_animation=&#8221;right-to-left&#8221;][\/vc_column][\/vc_row][vc_row][vc_column width=&#8221;1\/3&#8243;][vc_custom_heading text=&#8221;PER BERENAR<br \/>\n&#8221; font_container=&#8221;tag:h2|font_size:21|text_align:left|color:%23e20d40&#8243; google_fonts=&#8221;font_family:Arvo%3Aregular%2Citalic%2C700%2C700italic|font_style:700%20bold%20regular%3A700%3Anormal&#8221;][vc_column_text]<span style=\"font-weight: 400;\">Disposem d&#8217;una zona exclusiva per gaudir d&#8217;un berenar delici\u00f3s amb els teus amics i poder bufar les espelmes.<\/span><span style=\"font-weight: 400;\"><br \/>\n<\/span>[\/vc_column_text][\/vc_column][vc_column width=&#8221;1\/3&#8243;][vc_single_image image=&#8221;4501&#8243; img_size=&#8221;full&#8221; css_animation=&#8221;right-to-left&#8221;][\/vc_column][vc_column width=&#8221;1\/3&#8243;][vc_single_image image=&#8221;4502&#8243; img_size=&#8221;full&#8221; css_animation=&#8221;right-to-left&#8221;][\/vc_column][\/vc_row][vc_row][vc_column width=&#8221;1\/3&#8243;][vc_custom_heading text=&#8221;I PELS M\u00c9S GRANS&#8230;<br \/>\n&#8221; font_container=&#8221;tag:h2|font_size:21|text_align:left|color:%230d982b&#8221; google_fonts=&#8221;font_family:Arvo%3Aregular%2Citalic%2C700%2C700italic|font_style:700%20bold%20regular%3A700%3Anormal&#8221;][vc_column_text]<span style=\"font-weight: 400;\">I no ens oblidem dels pares i mares: en la cafeteria podreu prendre un caf\u00e8, un refresc o encarregar un men\u00fa per a grups.<\/span><span style=\"font-weight: 400;\"><br \/>\n<\/span><span style=\"font-weight: 400;\"><br \/>\n<\/span>[\/vc_column_text][\/vc_column][vc_column width=&#8221;1\/3&#8243;][vc_single_image image=&#8221;4503&#8243; img_size=&#8221;full&#8221; css_animation=&#8221;right-to-left&#8221;][\/vc_column][vc_column width=&#8221;1\/3&#8243;][vc_single_image image=&#8221;4504&#8243; img_size=&#8221;full&#8221; css_animation=&#8221;right-to-left&#8221;][\/vc_column][\/vc_row][vc_row bg_type=&#8221;image&#8221; parallax_style=&#8221;vcpb-vz-jquery&#8221; bg_image_new=&#8221;id^4156|url^http:\/\/www.planetamagicbarcelona.com\/wp-content\/uploads\/2016\/12\/confetti_fondo.png|caption^null|alt^null|title^confetti_fondo|description^null&#8221; bg_image_repeat=&#8221;no-repeat&#8221; bg_override=&#8221;full&#8221; css=&#8221;.vc_custom_1486228616686{background-position: 0 0 !important;background-repeat: no-repeat !important;}&#8221;][vc_column css=&#8221;.vc_custom_1481126931798{background-position: center !important;background-repeat: no-repeat !important;background-size: cover !important;}&#8221;]<div id=\"ultimate-heading-665069dc3ea2dd062\" class=\"uvc-heading ult-adjust-bottom-margin ultimate-heading-665069dc3ea2dd062 uvc-5154 \" data-hspacer=\"no_spacer\"  data-halign=\"center\" style=\"text-align:center\"><div class=\"uvc-heading-spacer no_spacer\" style=\"top\"><\/div><div class=\"uvc-sub-heading ult-responsive\"  data-ultimate-target='.uvc-heading.ultimate-heading-665069dc3ea2dd062 .uvc-sub-heading '  data-responsive-json-new='{\"font-size\":\"\",\"line-height\":\"\"}'  style=\"font-weight:normal;\"><\/p>\n<h2 style=\"text-align: center;\"><span style=\"color: #ffffff;\"><strong>Si vols un tracte familiar i proper, aquest \u00e9s el teu parc! Nosaltres ens encarreguem de tot: organitzem els teus esdeveniments de la forma m\u00e9s divertida.<\/strong><\/span><\/h2>\n<h2 style=\"text-align: center;\"><\/h2>\n<p><\/div><\/div>[\/vc_column][\/vc_row]<\/p>\n<\/div>","protected":false},"excerpt":{"rendered":"<p>[vc_row css=&#8221;.vc_custom_1486228589402{margin-top: -120px !important;}&#8221;][vc_column width=&#8221;2\/3&#8243;][vc_empty_space][vc_column_text] En Planeta Magic portem tretze anys fent que els nens es diverteixin com mai! El nostre chiquipark disposa de 600m2 de<span class=\"excerpt-hellip\"> [\u2026]<\/span><\/p>\n","protected":false},"author":1,"featured_media":0,"parent":0,"menu_order":0,"comment_status":"closed","ping_status":"closed","template":"","meta":{"_joinchat":[],"footnotes":""},"class_list":["post-4600","page","type-page","status-publish","hentry"],"yoast_head":"<!-- This site is optimized with the Yoast SEO plugin v27.3 - https:\/\/yoast.com\/product\/yoast-seo-wordpress\/ -->\n<title>Nostre Chiquipark al cor de l&#039;Eixample - Planeta Magic Barcelona<\/title>\n<meta name=\"description\" content=\"Les millors instal\u00b7lacions per a tota la fam\u00edlia es diverteixi com mai en el nostre chiquipark en ple cor de l&#039;Eixample de Barcelona\" \/>\n<meta name=\"robots\" content=\"index, follow, max-snippet:-1, max-image-preview:large, max-video-preview:-1\" \/>\n<link rel=\"canonical\" href=\"https:\/\/www.planetamagicbarcelona.com\/ca\/el-nostre-chiquipark\" \/>\n<meta property=\"og:locale\" content=\"ca_ES\" \/>\n<meta property=\"og:type\" content=\"article\" \/>\n<meta property=\"og:title\" content=\"Nostre Chiquipark al cor de l&#039;Eixample - Planeta Magic Barcelona\" \/>\n<meta property=\"og:description\" content=\"Les millors instal\u00b7lacions per a tota la fam\u00edlia es diverteixi com mai en el nostre chiquipark en ple cor de l&#039;Eixample de Barcelona\" \/>\n<meta property=\"og:url\" content=\"https:\/\/www.planetamagicbarcelona.com\/ca\/el-nostre-chiquipark\" \/>\n<meta property=\"og:site_name\" content=\"Planeta Magic Barcelona\" \/>\n<meta property=\"article:modified_time\" content=\"2017-02-27T13:01:58+00:00\" \/>\n<meta name=\"twitter:card\" content=\"summary_large_image\" \/>\n<meta name=\"twitter:label1\" content=\"Est. reading time\" \/>\n\t<meta name=\"twitter:data1\" content=\"4 minutes\" \/>\n<script type=\"application\/ld+json\" class=\"yoast-schema-graph\">{\"@context\":\"https:\\\/\\\/schema.org\",\"@graph\":[{\"@type\":\"WebPage\",\"@id\":\"https:\\\/\\\/www.planetamagicbarcelona.com\\\/ca\\\/el-nostre-chiquipark\",\"url\":\"https:\\\/\\\/www.planetamagicbarcelona.com\\\/ca\\\/el-nostre-chiquipark\",\"name\":\"Nostre Chiquipark al cor de l'Eixample - Planeta Magic Barcelona\",\"isPartOf\":{\"@id\":\"https:\\\/\\\/www.planetamagicbarcelona.com\\\/ca#website\"},\"datePublished\":\"2017-01-27T17:18:20+00:00\",\"dateModified\":\"2017-02-27T13:01:58+00:00\",\"description\":\"Les millors instal\u00b7lacions per a tota la fam\u00edlia es diverteixi com mai en el nostre chiquipark en ple cor de l'Eixample de Barcelona\",\"breadcrumb\":{\"@id\":\"https:\\\/\\\/www.planetamagicbarcelona.com\\\/ca\\\/el-nostre-chiquipark#breadcrumb\"},\"inLanguage\":\"ca-ES\",\"potentialAction\":[{\"@type\":\"ReadAction\",\"target\":[\"https:\\\/\\\/www.planetamagicbarcelona.com\\\/ca\\\/el-nostre-chiquipark\"]}]},{\"@type\":\"BreadcrumbList\",\"@id\":\"https:\\\/\\\/www.planetamagicbarcelona.com\\\/ca\\\/el-nostre-chiquipark#breadcrumb\",\"itemListElement\":[{\"@type\":\"ListItem\",\"position\":1,\"name\":\"Portada\",\"item\":\"https:\\\/\\\/www.planetamagicbarcelona.com\\\/ca\"},{\"@type\":\"ListItem\",\"position\":2,\"name\":\"EL CHIQUIPARK\"}]},{\"@type\":\"WebSite\",\"@id\":\"https:\\\/\\\/www.planetamagicbarcelona.com\\\/ca#website\",\"url\":\"https:\\\/\\\/www.planetamagicbarcelona.com\\\/ca\",\"name\":\"Planeta Magic Barcelona\",\"description\":\"Diversi&oacute;n para toda tu familia\",\"potentialAction\":[{\"@type\":\"SearchAction\",\"target\":{\"@type\":\"EntryPoint\",\"urlTemplate\":\"https:\\\/\\\/www.planetamagicbarcelona.com\\\/ca?s={search_term_string}\"},\"query-input\":{\"@type\":\"PropertyValueSpecification\",\"valueRequired\":true,\"valueName\":\"search_term_string\"}}],\"inLanguage\":\"ca-ES\"}]}<\/script>\n<!-- \/ Yoast SEO plugin. -->","yoast_head_json":{"title":"Nostre Chiquipark al cor de l'Eixample - Planeta Magic Barcelona","description":"Les millors instal\u00b7lacions per a tota la fam\u00edlia es diverteixi com mai en el nostre chiquipark en ple cor de l'Eixample de Barcelona","robots":{"index":"index","follow":"follow","max-snippet":"max-snippet:-1","max-image-preview":"max-image-preview:large","max-video-preview":"max-video-preview:-1"},"canonical":"https:\/\/www.planetamagicbarcelona.com\/ca\/el-nostre-chiquipark","og_locale":"ca_ES","og_type":"article","og_title":"Nostre Chiquipark al cor de l'Eixample - Planeta Magic Barcelona","og_description":"Les millors instal\u00b7lacions per a tota la fam\u00edlia es diverteixi com mai en el nostre chiquipark en ple cor de l'Eixample de Barcelona","og_url":"https:\/\/www.planetamagicbarcelona.com\/ca\/el-nostre-chiquipark","og_site_name":"Planeta Magic Barcelona","article_modified_time":"2017-02-27T13:01:58+00:00","twitter_card":"summary_large_image","twitter_misc":{"Est. reading time":"4 minutes"},"schema":{"@context":"https:\/\/schema.org","@graph":[{"@type":"WebPage","@id":"https:\/\/www.planetamagicbarcelona.com\/ca\/el-nostre-chiquipark","url":"https:\/\/www.planetamagicbarcelona.com\/ca\/el-nostre-chiquipark","name":"Nostre Chiquipark al cor de l'Eixample - Planeta Magic Barcelona","isPartOf":{"@id":"https:\/\/www.planetamagicbarcelona.com\/ca#website"},"datePublished":"2017-01-27T17:18:20+00:00","dateModified":"2017-02-27T13:01:58+00:00","description":"Les millors instal\u00b7lacions per a tota la fam\u00edlia es diverteixi com mai en el nostre chiquipark en ple cor de l'Eixample de Barcelona","breadcrumb":{"@id":"https:\/\/www.planetamagicbarcelona.com\/ca\/el-nostre-chiquipark#breadcrumb"},"inLanguage":"ca-ES","potentialAction":[{"@type":"ReadAction","target":["https:\/\/www.planetamagicbarcelona.com\/ca\/el-nostre-chiquipark"]}]},{"@type":"BreadcrumbList","@id":"https:\/\/www.planetamagicbarcelona.com\/ca\/el-nostre-chiquipark#breadcrumb","itemListElement":[{"@type":"ListItem","position":1,"name":"Portada","item":"https:\/\/www.planetamagicbarcelona.com\/ca"},{"@type":"ListItem","position":2,"name":"EL CHIQUIPARK"}]},{"@type":"WebSite","@id":"https:\/\/www.planetamagicbarcelona.com\/ca#website","url":"https:\/\/www.planetamagicbarcelona.com\/ca","name":"Planeta Magic Barcelona","description":"Diversi&oacute;n para toda tu familia","potentialAction":[{"@type":"SearchAction","target":{"@type":"EntryPoint","urlTemplate":"https:\/\/www.planetamagicbarcelona.com\/ca?s={search_term_string}"},"query-input":{"@type":"PropertyValueSpecification","valueRequired":true,"valueName":"search_term_string"}}],"inLanguage":"ca-ES"}]}},"_links":{"self":[{"href":"https:\/\/www.planetamagicbarcelona.com\/ca\/wp-json\/wp\/v2\/pages\/4600","targetHints":{"allow":["GET"]}}],"collection":[{"href":"https:\/\/www.planetamagicbarcelona.com\/ca\/wp-json\/wp\/v2\/pages"}],"about":[{"href":"https:\/\/www.planetamagicbarcelona.com\/ca\/wp-json\/wp\/v2\/types\/page"}],"author":[{"embeddable":true,"href":"https:\/\/www.planetamagicbarcelona.com\/ca\/wp-json\/wp\/v2\/users\/1"}],"replies":[{"embeddable":true,"href":"https:\/\/www.planetamagicbarcelona.com\/ca\/wp-json\/wp\/v2\/comments?post=4600"}],"version-history":[{"count":0,"href":"https:\/\/www.planetamagicbarcelona.com\/ca\/wp-json\/wp\/v2\/pages\/4600\/revisions"}],"wp:attachment":[{"href":"https:\/\/www.planetamagicbarcelona.com\/ca\/wp-json\/wp\/v2\/media?parent=4600"}],"curies":[{"name":"wp","href":"https:\/\/api.w.org\/{rel}","templated":true}]}}