{"id":4597,"date":"2017-01-28T11:12:52","date_gmt":"2017-01-28T11:12:52","guid":{"rendered":"http:\/\/www.planetamagicbarcelona.com\/contactanos"},"modified":"2017-03-07T17:29:13","modified_gmt":"2017-03-07T17:29:13","slug":"contacte","status":"publish","type":"page","link":"https:\/\/www.planetamagicbarcelona.com\/ca\/contacte","title":{"rendered":"CONTACTE"},"content":{"rendered":"<div class=\"wpb-content-wrapper\"><p>[vc_row][vc_column css=&#8221;.vc_custom_1486227454810{margin-top: -50px !important;}&#8221;]<div id=\"ultimate-heading-763869dc3e779bebe\" class=\"uvc-heading ult-adjust-bottom-margin ultimate-heading-763869dc3e779bebe uvc-1061 \" data-hspacer=\"no_spacer\"  data-halign=\"center\" style=\"text-align:center\"><div class=\"uvc-heading-spacer no_spacer\" style=\"top\"><\/div><div class=\"uvc-main-heading ult-responsive\"  data-ultimate-target='.uvc-heading.ultimate-heading-763869dc3e779bebe h2'  data-responsive-json-new='{\"font-size\":\"desktop:36px;\",\"line-height\":\"\"}' ><h2 style=\"font-family:&#039;Sue Ellen Francisco&#039;;font-weight:bold;color:#4d4d4d;\">ENS TROBAR\u00c0S EN...<\/h2><\/div><\/div>[vc_row_inner][vc_column_inner width=&#8221;1\/3&#8243;][vc_single_image image=&#8221;4329&#8243; img_size=&#8221;full&#8221; alignment=&#8221;center&#8221; css_animation=&#8221;left-to-right&#8221; css=&#8221;.vc_custom_1485603002024{margin-bottom: -10px !important;}&#8221;][vc_custom_heading text=&#8221;carrer Viladomat 124,<br \/>\n08015 Barcelona&#8221; font_container=&#8221;tag:h2|text_align:center&#8221; use_theme_fonts=&#8221;yes&#8221; css=&#8221;.vc_custom_1488052585525{margin-top: -20px !important;}&#8221;][\/vc_column_inner][vc_column_inner width=&#8221;1\/3&#8243;][vc_single_image image=&#8221;4330&#8243; img_size=&#8221;full&#8221; alignment=&#8221;center&#8221; css_animation=&#8221;appear&#8221; css=&#8221;.vc_custom_1485603029057{margin-bottom: -10px !important;}&#8221;][vc_custom_heading text=&#8221;Parlem?<br \/>\n93 453 54 00&#8243; font_container=&#8221;tag:h2|text_align:center&#8221; use_theme_fonts=&#8221;yes&#8221; css=&#8221;.vc_custom_1488052602200{margin-top: -20px !important;}&#8221;][\/vc_column_inner][vc_column_inner width=&#8221;1\/3&#8243;][vc_single_image image=&#8221;4331&#8243; img_size=&#8221;full&#8221; alignment=&#8221;center&#8221; css_animation=&#8221;right-to-left&#8221;][vc_custom_heading text=&#8221;Escriu-nos a<br \/>\nviladomat@planetamagic.com&#8221; font_container=&#8221;tag:h2|text_align:center&#8221; use_theme_fonts=&#8221;yes&#8221; css=&#8221;.vc_custom_1488907749746{margin-top: -60px !important;}&#8221;][\/vc_column_inner][\/vc_row_inner][vc_separator][\/vc_column][\/vc_row][vc_row][vc_column width=&#8221;1\/2&#8243;][vc_single_image image=&#8221;4333&#8243; img_size=&#8221;full&#8221; css_animation=&#8221;left-to-right&#8221;][\/vc_column][vc_column width=&#8221;1\/2&#8243;]<div id=\"ultimate-heading-793769dc3e779bf4b\" class=\"uvc-heading ult-adjust-bottom-margin ultimate-heading-793769dc3e779bf4b uvc-6832 \" data-hspacer=\"no_spacer\"  data-halign=\"left\" style=\"text-align:left\"><div class=\"uvc-heading-spacer no_spacer\" style=\"top\"><\/div><div class=\"uvc-main-heading ult-responsive\"  data-ultimate-target='.uvc-heading.ultimate-heading-793769dc3e779bf4b h2'  data-responsive-json-new='{\"font-size\":\"desktop:36px;\",\"line-height\":\"\"}' ><h2 style=\"font-family:&#039;Sue Ellen Francisco&#039;;font-weight:bold;color:#0d952b;\">PARLEM!<\/h2><\/div><\/div>[vc_column_text]<\/p>\n<h4><span style=\"font-weight: 400;\">Si tens qualsevol pregunta, vols fer una reserva o enviar-nos les fotos de la teva festa, no ho dubtis, escriu-nos i et contestarem els abans possible.<\/span><span style=\"font-weight: 400;\"><br \/>\n<\/span><\/h4>\n<p>[\/vc_column_text]\n<div class=\"wpcf7 no-js\" id=\"wpcf7-f4201-o1\" lang=\"en-US\" dir=\"ltr\" data-wpcf7-id=\"4201\">\n<div class=\"screen-reader-response\"><p role=\"status\" aria-live=\"polite\" aria-atomic=\"true\"><\/p> <ul><\/ul><\/div>\n<form action=\"\/ca\/wp-json\/wp\/v2\/pages\/4597#wpcf7-f4201-o1\" method=\"post\" class=\"wpcf7-form init\" aria-label=\"Contact form\" novalidate=\"novalidate\" data-status=\"init\">\n<fieldset class=\"hidden-fields-container\"><input type=\"hidden\" name=\"_wpcf7\" value=\"4201\" \/><input type=\"hidden\" name=\"_wpcf7_version\" value=\"6.1.5\" \/><input type=\"hidden\" name=\"_wpcf7_locale\" value=\"en_US\" \/><input type=\"hidden\" name=\"_wpcf7_unit_tag\" value=\"wpcf7-f4201-o1\" \/><input type=\"hidden\" name=\"_wpcf7_container_post\" value=\"0\" \/><input type=\"hidden\" name=\"_wpcf7_posted_data_hash\" value=\"\" \/>\n<\/fieldset>\n<div class=\"column one-second\">\n\t<p><span class=\"wpcf7-form-control-wrap\" data-name=\"your-name\"><input size=\"40\" maxlength=\"400\" class=\"wpcf7-form-control wpcf7-text wpcf7-validates-as-required\" aria-required=\"true\" aria-invalid=\"false\" placeholder=\"Nombre\" value=\"\" type=\"text\" name=\"your-name\" \/><\/span>\n\t<\/p>\n<\/div>\n<div class=\"column one-second\">\n\t<p><span class=\"wpcf7-form-control-wrap\" data-name=\"your-email\"><input size=\"40\" maxlength=\"400\" class=\"wpcf7-form-control wpcf7-email wpcf7-validates-as-required wpcf7-text wpcf7-validates-as-email\" aria-required=\"true\" aria-invalid=\"false\" placeholder=\"Email\" value=\"\" type=\"email\" name=\"your-email\" \/><\/span>\n\t<\/p>\n<\/div>\n<div class=\"column one\">\n\t<p><span class=\"wpcf7-form-control-wrap\" data-name=\"your-subject\"><input size=\"40\" maxlength=\"400\" class=\"wpcf7-form-control wpcf7-text wpcf7-validates-as-required\" aria-required=\"true\" aria-invalid=\"false\" placeholder=\"Asunto\" value=\"\" type=\"text\" name=\"your-subject\" \/><\/span>\n\t<\/p>\n<\/div>\n<div class=\"column one\">\n\t<p><span class=\"wpcf7-form-control-wrap\" data-name=\"your-message\"><textarea cols=\"40\" rows=\"3\" maxlength=\"2000\" class=\"wpcf7-form-control wpcf7-textarea wpcf7-validates-as-required\" aria-required=\"true\" aria-invalid=\"false\" placeholder=\"Mensaje\" name=\"your-message\"><\/textarea><\/span>\n\t<\/p>\n<\/div>\n<p><span class=\"wpcf7-form-control-wrap\" data-name=\"Acepta-RGPD\"><span class=\"wpcf7-form-control wpcf7-acceptance\"><span class=\"wpcf7-list-item\"><label><input type=\"checkbox\" name=\"Acepta-RGPD\" value=\"1\" aria-invalid=\"false\" \/><span class=\"wpcf7-list-item-label\">He le\u00eddo y acepto la <a href=\"https:\/\/www.planetamagicbarcelona.com\/politica-de-privacidad\">Pol\u00edtica de Privacidad <\/a><\/span><\/label><\/span><\/span><\/span><br \/>\n<label><br \/>\n<\/label>\n<\/p>\n<ol>\n\t<li>\n\t\t<p>Responsable de los datos: PLANETA VILADOMAT S.L\n\t\t<\/p>\n\t<\/li>\n\t<li>\n\t\t<p>Finalidad de los datos: Env\u00edo de informaci\u00f3n sobre servicios comerciales, eventos y encuestas de satisfacci\u00f3n.\n\t\t<\/p>\n\t<\/li>\n\t<li>\n\t\t<p>Almacenamiento de los datos: Base de datos alojada en RAIOLA NETWORKS, S.L. (UE)\n\t\t<\/p>\n\t<\/li>\n\t<li>\n\t\t<p>Derechos: En cualquier momento puedes limitar, recuperar y borrar tu informaci\u00f3n escribiendo a viladomat@planetamagic.com .\n\t\t<\/p>\n\t<\/li>\n<\/ol>\n<div class=\"column one\">\n\t<p><input class=\"wpcf7-form-control wpcf7-submit has-spinner\" type=\"submit\" value=\"ENVIAR\" \/>\n\t<\/p>\n<\/div><div class=\"wpcf7-response-output\" aria-hidden=\"true\"><\/div>\n<\/form>\n<\/div>\n[\/vc_column][\/vc_row][vc_row full_width=&#8221;stretch_row_content&#8221;][vc_column][vc_separator][vc_column_text]<\/p>\n<p style=\"text-align: center;\"><span style=\"font-weight: 400;\">Estem en l&#8217;Eixample Esquerre i molt b\u00e9 comunicats:<\/span><span style=\"font-weight: 400;\"><br \/>\n<\/span><\/p>\n<h4 style=\"text-align: center;\"><strong>Metre: L1 &#8211; Rocafort i Urgell<br \/>\n<\/strong><strong>Autob\u00fas: 6, 20, 37, 41, 50 i H12<\/strong><\/h4>\n<p>[\/vc_column_text][vc_gmaps link=&#8221;#E-8_JTNDaWZyYW1lJTIwc3JjJTNEJTIyaHR0cHMlM0ElMkYlMkZ3d3cuZ29vZ2xlLmNvbSUyRm1hcHMlMkZlbWJlZCUzRnBiJTNEJTIxMW0xNCUyMTFtOCUyMTFtMyUyMTFkMTE5NzQuNzMwMTIwNzQ0NDM0JTIxMmQyLjE1NTgwNDMlMjEzZDQxLjM4MDk4MTclMjEzbTIlMjExaTEwMjQlMjEyaTc2OCUyMTRmMTMuMSUyMTNtMyUyMTFtMiUyMTFzMHgwJTI1M0EweDM2ODQ3ZGZmN2YwMTlmNDMlMjEyc1BsYW5ldGElMkJNYWdpYyUyMTVlMCUyMTNtMiUyMTFzZXMlMjEyc2VzJTIxNHYxNDg1NjA0NDM4Mzc0JTIyJTIwd2lkdGglM0QlMjI2MDAlMjIlMjBoZWlnaHQlM0QlMjI0NTAlMjIlMjBmcmFtZWJvcmRlciUzRCUyMjAlMjIlMjBzdHlsZSUzRCUyMmJvcmRlciUzQTAlMjIlMjBhbGxvd2Z1bGxzY3JlZW4lM0UlM0MlMkZpZnJhbWUlM0U=&#8221;][\/vc_column][\/vc_row]<\/p>\n<\/div>","protected":false},"excerpt":{"rendered":"<p>[vc_row][vc_column css=&#8221;.vc_custom_1486227454810{margin-top: -50px !important;}&#8221;][vc_row_inner][vc_column_inner width=&#8221;1\/3&#8243;][vc_single_image image=&#8221;4329&#8243; img_size=&#8221;full&#8221; alignment=&#8221;center&#8221; css_animation=&#8221;left-to-right&#8221; css=&#8221;.vc_custom_1485603002024{margin-bottom: -10px !important;}&#8221;][vc_custom_heading text=&#8221;carrer Viladomat 124, 08015 Barcelona&#8221; font_container=&#8221;tag:h2|text_align:center&#8221; use_theme_fonts=&#8221;yes&#8221; css=&#8221;.vc_custom_1488052585525{margin-top: -20px !important;}&#8221;][\/vc_column_inner][vc_column_inner width=&#8221;1\/3&#8243;][vc_single_image image=&#8221;4330&#8243; img_size=&#8221;full&#8221; alignment=&#8221;center&#8221;<span class=\"excerpt-hellip\"> [\u2026]<\/span><\/p>\n","protected":false},"author":1,"featured_media":0,"parent":0,"menu_order":0,"comment_status":"closed","ping_status":"closed","template":"","meta":{"_joinchat":[],"footnotes":""},"class_list":["post-4597","page","type-page","status-publish","hentry"],"yoast_head":"<!-- This site is optimized with the Yoast SEO plugin v27.3 - https:\/\/yoast.com\/product\/yoast-seo-wordpress\/ -->\n<title>CONTACTA&#039;NS! - PLANETA MAGIC BARCELONA<\/title>\n<meta name=\"description\" content=\"Si tens qualsevol pregunta, vols fer una reserva o enviar-nos les fotos de la teva festa, no ho dubtis, escriu-nos i et contestarem els m\u00e9s aviat possible.\" \/>\n<meta name=\"robots\" content=\"index, follow, max-snippet:-1, max-image-preview:large, max-video-preview:-1\" \/>\n<link rel=\"canonical\" href=\"https:\/\/www.planetamagicbarcelona.com\/ca\/contacte\" \/>\n<meta property=\"og:locale\" content=\"ca_ES\" \/>\n<meta property=\"og:type\" content=\"article\" \/>\n<meta property=\"og:title\" content=\"CONTACTA&#039;NS! - PLANETA MAGIC BARCELONA\" \/>\n<meta property=\"og:description\" content=\"Si tens qualsevol pregunta, vols fer una reserva o enviar-nos les fotos de la teva festa, no ho dubtis, escriu-nos i et contestarem els m\u00e9s aviat possible.\" \/>\n<meta property=\"og:url\" content=\"https:\/\/www.planetamagicbarcelona.com\/ca\/contacte\" \/>\n<meta property=\"og:site_name\" content=\"Planeta Magic Barcelona\" \/>\n<meta property=\"article:modified_time\" content=\"2017-03-07T17:29:13+00:00\" \/>\n<meta name=\"twitter:card\" content=\"summary_large_image\" \/>\n<meta name=\"twitter:label1\" content=\"Est. reading time\" \/>\n\t<meta name=\"twitter:data1\" content=\"2 minutes\" \/>\n<script type=\"application\/ld+json\" class=\"yoast-schema-graph\">{\"@context\":\"https:\\\/\\\/schema.org\",\"@graph\":[{\"@type\":\"WebPage\",\"@id\":\"https:\\\/\\\/www.planetamagicbarcelona.com\\\/ca\\\/contacte\",\"url\":\"https:\\\/\\\/www.planetamagicbarcelona.com\\\/ca\\\/contacte\",\"name\":\"CONTACTA'NS! - PLANETA MAGIC BARCELONA\",\"isPartOf\":{\"@id\":\"https:\\\/\\\/www.planetamagicbarcelona.com\\\/ca#website\"},\"datePublished\":\"2017-01-28T11:12:52+00:00\",\"dateModified\":\"2017-03-07T17:29:13+00:00\",\"description\":\"Si tens qualsevol pregunta, vols fer una reserva o enviar-nos les fotos de la teva festa, no ho dubtis, escriu-nos i et contestarem els m\u00e9s aviat possible.\",\"breadcrumb\":{\"@id\":\"https:\\\/\\\/www.planetamagicbarcelona.com\\\/ca\\\/contacte#breadcrumb\"},\"inLanguage\":\"ca-ES\",\"potentialAction\":[{\"@type\":\"ReadAction\",\"target\":[\"https:\\\/\\\/www.planetamagicbarcelona.com\\\/ca\\\/contacte\"]}]},{\"@type\":\"BreadcrumbList\",\"@id\":\"https:\\\/\\\/www.planetamagicbarcelona.com\\\/ca\\\/contacte#breadcrumb\",\"itemListElement\":[{\"@type\":\"ListItem\",\"position\":1,\"name\":\"Portada\",\"item\":\"https:\\\/\\\/www.planetamagicbarcelona.com\\\/ca\"},{\"@type\":\"ListItem\",\"position\":2,\"name\":\"CONTACTE\"}]},{\"@type\":\"WebSite\",\"@id\":\"https:\\\/\\\/www.planetamagicbarcelona.com\\\/ca#website\",\"url\":\"https:\\\/\\\/www.planetamagicbarcelona.com\\\/ca\",\"name\":\"Planeta Magic Barcelona\",\"description\":\"Diversi&oacute;n para toda tu familia\",\"potentialAction\":[{\"@type\":\"SearchAction\",\"target\":{\"@type\":\"EntryPoint\",\"urlTemplate\":\"https:\\\/\\\/www.planetamagicbarcelona.com\\\/ca?s={search_term_string}\"},\"query-input\":{\"@type\":\"PropertyValueSpecification\",\"valueRequired\":true,\"valueName\":\"search_term_string\"}}],\"inLanguage\":\"ca-ES\"}]}<\/script>\n<!-- \/ Yoast SEO plugin. -->","yoast_head_json":{"title":"CONTACTA'NS! - PLANETA MAGIC BARCELONA","description":"Si tens qualsevol pregunta, vols fer una reserva o enviar-nos les fotos de la teva festa, no ho dubtis, escriu-nos i et contestarem els m\u00e9s aviat possible.","robots":{"index":"index","follow":"follow","max-snippet":"max-snippet:-1","max-image-preview":"max-image-preview:large","max-video-preview":"max-video-preview:-1"},"canonical":"https:\/\/www.planetamagicbarcelona.com\/ca\/contacte","og_locale":"ca_ES","og_type":"article","og_title":"CONTACTA'NS! - PLANETA MAGIC BARCELONA","og_description":"Si tens qualsevol pregunta, vols fer una reserva o enviar-nos les fotos de la teva festa, no ho dubtis, escriu-nos i et contestarem els m\u00e9s aviat possible.","og_url":"https:\/\/www.planetamagicbarcelona.com\/ca\/contacte","og_site_name":"Planeta Magic Barcelona","article_modified_time":"2017-03-07T17:29:13+00:00","twitter_card":"summary_large_image","twitter_misc":{"Est. reading time":"2 minutes"},"schema":{"@context":"https:\/\/schema.org","@graph":[{"@type":"WebPage","@id":"https:\/\/www.planetamagicbarcelona.com\/ca\/contacte","url":"https:\/\/www.planetamagicbarcelona.com\/ca\/contacte","name":"CONTACTA'NS! - PLANETA MAGIC BARCELONA","isPartOf":{"@id":"https:\/\/www.planetamagicbarcelona.com\/ca#website"},"datePublished":"2017-01-28T11:12:52+00:00","dateModified":"2017-03-07T17:29:13+00:00","description":"Si tens qualsevol pregunta, vols fer una reserva o enviar-nos les fotos de la teva festa, no ho dubtis, escriu-nos i et contestarem els m\u00e9s aviat possible.","breadcrumb":{"@id":"https:\/\/www.planetamagicbarcelona.com\/ca\/contacte#breadcrumb"},"inLanguage":"ca-ES","potentialAction":[{"@type":"ReadAction","target":["https:\/\/www.planetamagicbarcelona.com\/ca\/contacte"]}]},{"@type":"BreadcrumbList","@id":"https:\/\/www.planetamagicbarcelona.com\/ca\/contacte#breadcrumb","itemListElement":[{"@type":"ListItem","position":1,"name":"Portada","item":"https:\/\/www.planetamagicbarcelona.com\/ca"},{"@type":"ListItem","position":2,"name":"CONTACTE"}]},{"@type":"WebSite","@id":"https:\/\/www.planetamagicbarcelona.com\/ca#website","url":"https:\/\/www.planetamagicbarcelona.com\/ca","name":"Planeta Magic Barcelona","description":"Diversi&oacute;n para toda tu familia","potentialAction":[{"@type":"SearchAction","target":{"@type":"EntryPoint","urlTemplate":"https:\/\/www.planetamagicbarcelona.com\/ca?s={search_term_string}"},"query-input":{"@type":"PropertyValueSpecification","valueRequired":true,"valueName":"search_term_string"}}],"inLanguage":"ca-ES"}]}},"_links":{"self":[{"href":"https:\/\/www.planetamagicbarcelona.com\/ca\/wp-json\/wp\/v2\/pages\/4597","targetHints":{"allow":["GET"]}}],"collection":[{"href":"https:\/\/www.planetamagicbarcelona.com\/ca\/wp-json\/wp\/v2\/pages"}],"about":[{"href":"https:\/\/www.planetamagicbarcelona.com\/ca\/wp-json\/wp\/v2\/types\/page"}],"author":[{"embeddable":true,"href":"https:\/\/www.planetamagicbarcelona.com\/ca\/wp-json\/wp\/v2\/users\/1"}],"replies":[{"embeddable":true,"href":"https:\/\/www.planetamagicbarcelona.com\/ca\/wp-json\/wp\/v2\/comments?post=4597"}],"version-history":[{"count":0,"href":"https:\/\/www.planetamagicbarcelona.com\/ca\/wp-json\/wp\/v2\/pages\/4597\/revisions"}],"wp:attachment":[{"href":"https:\/\/www.planetamagicbarcelona.com\/ca\/wp-json\/wp\/v2\/media?parent=4597"}],"curies":[{"name":"wp","href":"https:\/\/api.w.org\/{rel}","templated":true}]}}