{"id":4582,"date":"2017-01-23T16:32:08","date_gmt":"2017-01-23T16:32:08","guid":{"rendered":"http:\/\/www.planetamagicbarcelona.com\/actividades"},"modified":"2026-01-18T12:06:54","modified_gmt":"2026-01-18T12:06:54","slug":"activitats","status":"publish","type":"page","link":"https:\/\/www.planetamagicbarcelona.com\/ca\/activitats","title":{"rendered":"ACTIVITATS"},"content":{"rendered":"<div class=\"wpb-content-wrapper\"><p>[vc_row][vc_column][vc_empty_space]<div id=\"ultimate-heading-534269dc5619ddbdb\" class=\"uvc-heading ult-adjust-bottom-margin ultimate-heading-534269dc5619ddbdb uvc-4955 \" data-hspacer=\"no_spacer\"  data-halign=\"left\" style=\"text-align:left\"><div class=\"uvc-heading-spacer no_spacer\" style=\"top\"><\/div><div class=\"uvc-sub-heading ult-responsive\"  data-ultimate-target='.uvc-heading.ultimate-heading-534269dc5619ddbdb .uvc-sub-heading '  data-responsive-json-new='{\"font-size\":\"desktop:24px;\",\"line-height\":\"\"}'  style=\"font-family:&#039;Arvo&#039;;font-weight:bold;color:#cf0d40;\"><\/p>\n<p style=\"text-align: center;\"><span style=\"font-weight: 400;\">LES NOSTRES ACTIVITATS<\/span><span style=\"font-weight: 400;\"><br \/>\n<\/span><\/div><\/div><div id=\"ultimate-heading-171169dc5619ddc40\" class=\"uvc-heading ult-adjust-bottom-margin ultimate-heading-171169dc5619ddc40 uvc-7318 \" data-hspacer=\"no_spacer\"  data-halign=\"left\" style=\"text-align:left\"><div class=\"uvc-heading-spacer no_spacer\" style=\"top\"><\/div><div class=\"uvc-sub-heading ult-responsive\"  data-ultimate-target='.uvc-heading.ultimate-heading-171169dc5619ddc40 .uvc-sub-heading '  data-responsive-json-new='{\"font-size\":\"desktop:20px;\",\"line-height\":\"\"}'  style=\"font-family:&#039;Arvo&#039;;font-style:italic;font-weight:normal;color:#848484;\"><\/p>\n<p style=\"text-align: center;\"><span style=\"font-weight: 400;\">Potenciem la creativitat jugant!<\/span><\/p>\n<p><\/div><\/div>[vc_column_text]<\/p>\n<h4 style=\"text-align: center;\"><strong>La creativitat \u00e9s una de les habilitats m\u00e9s importants de l&#8217;\u00e9sser hum\u00e0.<br \/>\nEn Planeta Magic estem compromesos a aprendre jugant en un espai que vol desenvolupar el creixement infantil i familiar a trav\u00e9s de diferents activitats i tallers.<\/strong><span style=\"font-weight: 400;\"><br \/>\n<\/span><\/h4>\n<p>[\/vc_column_text][vc_empty_space][\/vc_column][\/vc_row][vc_row][vc_column width=&#8221;1\/4&#8243;][vc_single_image image=&#8221;4261&#8243; img_size=&#8221;full&#8221;][\/vc_column][vc_column width=&#8221;1\/4&#8243;][vc_custom_heading text=&#8221;CASALS&#8221; font_container=&#8221;tag:h2|font_size:21|text_align:left|color:%230d982b&#8221; google_fonts=&#8221;font_family:Arvo%3Aregular%2Citalic%2C700%2C700italic|font_style:700%20bold%20regular%3A700%3Anormal&#8221;][vc_column_text]<\/p>\n<p style=\"text-align: justify;\"><span style=\"font-weight: 400;\">Quan els nens tenen vacances escolars (en Nadal, Setmana Santa i estiu) obrim des de les 8:30 hores fins a les 14:00 hores perqu\u00e8 no hagis de preocupar-te amb qui deixar-los. Les monitoras preparen activitats divertid\u00edssimes perqu\u00e8 l&#8217;hi passin genial i aprenguin coses noves.<\/span><span style=\"font-weight: 400;\"><br \/>\n<\/span>[\/vc_column_text]<div class=\" ubtn-ctn-left \"><a class=\"ubtn-link ult-adjust-bottom-margin ubtn-left ubtn-custom \" href=\"http:\/\/www.planetamagicbarcelona.com\/ca\/casals\" ><button type=\"button\" id=\"ubtn-2850\"  class=\"ubtn ult-adjust-bottom-margin ult-responsive ubtn-custom ubtn-no-hover-bg  none  ubtn-left   tooltip-69dc5619ddc83\"  data-hover=\"\" data-border-color=\"\" data-bg=\"#0d982b\" data-hover-bg=\"\" data-border-hover=\"\" data-shadow-hover=\"\" data-shadow-click=\"none\" data-shadow=\"\" data-shd-shadow=\"\"  data-ultimate-target='#ubtn-2850'  data-responsive-json-new='{\"font-size\":\"\",\"line-height\":\"\"}'  style=\"font-weight:normal;width:80px;min-height:30px;padding:px px;border:none;background: #0d982b;color: #ffffff;\"><span class=\"ubtn-hover\" style=\"background-color:\"><\/span><span class=\"ubtn-data ubtn-text \" >+ INFO<\/span><\/button><\/a><\/div>[\/vc_column][vc_column width=&#8221;1\/4&#8243;][vc_single_image image=&#8221;7362&#8243; img_size=&#8221;full&#8221; css=&#8221;&#8221;][\/vc_column][\/vc_row][vc_row gap=&#8221;3&#8243;][vc_column width=&#8221;1\/4&#8243;][vc_single_image image=&#8221;4260&#8243; img_size=&#8221;full&#8221;][\/vc_column][vc_column width=&#8221;1\/4&#8243;][vc_custom_heading text=&#8221;ESDEVENIMENTS&#8221; font_container=&#8221;tag:h2|font_size:21|text_align:left|color:%23e20d40&#8243; google_fonts=&#8221;font_family:Arvo%3Aregular%2Citalic%2C700%2C700italic|font_style:700%20bold%20regular%3A700%3Anormal&#8221;][vc_column_text]<\/p>\n<p style=\"text-align: justify;\"><span style=\"font-weight: 400;\">Ens agrada celebrar de forma especial les festes com el carnestoltes, halloween, l&#8217;entrada de l&#8217;estiu, el nadal, etc. I organitzem aquestes activitats pensant en els nens, creant un m\u00f3n m\u00e0gic amb disfresses, maquillatge, globoflexia, teatre, balls i animaci\u00f3 tematizada per a cada ocasi\u00f3.<\/span><span style=\"font-weight: 400;\"><br \/>\n<\/span>[\/vc_column_text]<div class=\" ubtn-ctn-left \"><a class=\"ubtn-link ult-adjust-bottom-margin ubtn-left ubtn-custom \" href=\"http:\/\/www.planetamagicbarcelona.com\/ca\/contacte\" ><button type=\"button\" id=\"ubtn-8744\"  class=\"ubtn ult-adjust-bottom-margin ult-responsive ubtn-custom ubtn-no-hover-bg  none  ubtn-left   tooltip-69dc5619ddcfa\"  data-hover=\"\" data-border-color=\"\" data-bg=\"#e20d40\" data-hover-bg=\"\" data-border-hover=\"\" data-shadow-hover=\"\" data-shadow-click=\"none\" data-shadow=\"\" data-shd-shadow=\"\"  data-ultimate-target='#ubtn-8744'  data-responsive-json-new='{\"font-size\":\"\",\"line-height\":\"\"}'  style=\"font-weight:normal;width:80px;min-height:30px;padding:px px;border:none;background: #e20d40;color: #ffffff;\"><span class=\"ubtn-hover\" style=\"background-color:\"><\/span><span class=\"ubtn-data ubtn-text \" >+ INFO<\/span><\/button><\/a><\/div>[\/vc_column][vc_column width=&#8221;1\/4&#8243;][vc_single_image image=&#8221;4264&#8243; img_size=&#8221;full&#8221;][\/vc_column][vc_column width=&#8221;1\/4&#8243;][vc_custom_heading text=&#8221;TEAMBUILDINGS&#8221; font_container=&#8221;tag:h2|font_size:21|text_align:left|color:%230d982b&#8221; google_fonts=&#8221;font_family:Arvo%3Aregular%2Citalic%2C700%2C700italic|font_style:700%20bold%20regular%3A700%3Anormal&#8221;][vc_column_text]<span style=\"font-weight: 400;\">Els teambuildings per a empreses \u00e9s una proposta d&#8217;aprenentatge en actiu per fomentar la col\u00b7laboraci\u00f3 i el treball en equip. Es desenvolupen en un ambient diferent, que s&#8217;enfoca en l&#8217;entreteniment dels treballadors, els quals podran utilitzar els m\u00e9s de 600 m2 d&#8217;espai per tornar a ser un nen.<\/span><span style=\"font-weight: 400;\"><br \/>\n<\/span>[\/vc_column_text]<div class=\" ubtn-ctn-left \"><a class=\"ubtn-link ult-adjust-bottom-margin ubtn-left ubtn-custom \" href=\"http:\/\/www.planetamagicbarcelona.com\/ca\/teambuildings\" ><button type=\"button\" id=\"ubtn-3422\"  class=\"ubtn ult-adjust-bottom-margin ult-responsive ubtn-custom ubtn-no-hover-bg  none  ubtn-left   tooltip-69dc5619ddd34\"  data-hover=\"\" data-border-color=\"\" data-bg=\"#0d982b\" data-hover-bg=\"\" data-border-hover=\"\" data-shadow-hover=\"\" data-shadow-click=\"none\" data-shadow=\"\" data-shd-shadow=\"\"  data-ultimate-target='#ubtn-3422'  data-responsive-json-new='{\"font-size\":\"\",\"line-height\":\"\"}'  style=\"font-weight:normal;width:80px;min-height:30px;padding:px px;border:none;background: #0d982b;color: #ffffff;\"><span class=\"ubtn-hover\" style=\"background-color:\"><\/span><span class=\"ubtn-data ubtn-text \" >+ INFO<\/span><\/button><\/a><\/div>[\/vc_column][\/vc_row][vc_row bg_type=&#8221;image&#8221; parallax_style=&#8221;vcpb-vz-jquery&#8221; bg_image_new=&#8221;id^4156|url^http:\/\/www.planetamagicbarcelona.com\/wp-content\/uploads\/2016\/12\/confetti_fondo.png|caption^null|alt^null|title^confetti_fondo|description^null&#8221; bg_image_repeat=&#8221;no-repeat&#8221; bg_override=&#8221;full&#8221; css=&#8221;.vc_custom_1486224767321{background-position: 0 0 !important;background-repeat: no-repeat !important;}&#8221;][vc_column css=&#8221;.vc_custom_1481126931798{background-position: center !important;background-repeat: no-repeat !important;background-size: cover !important;}&#8221;]<div id=\"ultimate-heading-480269dc5619ddd7e\" class=\"uvc-heading ult-adjust-bottom-margin ultimate-heading-480269dc5619ddd7e uvc-2156 \" data-hspacer=\"no_spacer\"  data-halign=\"center\" style=\"text-align:center\"><div class=\"uvc-heading-spacer no_spacer\" style=\"top\"><\/div><div class=\"uvc-sub-heading ult-responsive\"  data-ultimate-target='.uvc-heading.ultimate-heading-480269dc5619ddd7e .uvc-sub-heading '  data-responsive-json-new='{\"font-size\":\"desktop:30px;\",\"line-height\":\"\"}'  style=\"font-family:&#039;Arvo&#039;;font-weight:700;color:#ffffff;\"><\/p>\n<h1 style=\"text-align: center;\"><span style=\"color: #ffffff;\"><strong>Les propostes m\u00e9s divertides i innovadores per a nens i adults!<\/strong><\/span><\/h1>\n<p><\/div><\/div>[\/vc_column][\/vc_row]<\/p>\n<\/div>","protected":false},"excerpt":{"rendered":"<p>[vc_row][vc_column][vc_empty_space][vc_column_text] La creativitat \u00e9s una de les habilitats m\u00e9s importants de l&#8217;\u00e9sser hum\u00e0. En Planeta Magic estem compromesos a aprendre jugant en un espai que vol<span class=\"excerpt-hellip\"> [\u2026]<\/span><\/p>\n","protected":false},"author":1,"featured_media":-1,"parent":0,"menu_order":0,"comment_status":"closed","ping_status":"closed","template":"","meta":{"_joinchat":[],"footnotes":""},"class_list":["post-4582","page","type-page","status-publish","has-post-thumbnail","hentry"],"yoast_head":"<!-- This site is optimized with the Yoast SEO plugin v27.3 - https:\/\/yoast.com\/product\/yoast-seo-wordpress\/ -->\n<title>Activitats per potenciar la creativitat i el benestar - Planeta Magic Barcelona<\/title>\n<meta name=\"description\" content=\"Volem desenvolupar el creixement infantil i familiar a trav\u00e9s de diferents activitats i tallers. Aprendre jugant i innovar s\u00f3n les nostres premisses.\" \/>\n<meta name=\"robots\" content=\"index, follow, max-snippet:-1, max-image-preview:large, max-video-preview:-1\" \/>\n<link rel=\"canonical\" href=\"https:\/\/www.planetamagicbarcelona.com\/ca\/activitats\" \/>\n<meta property=\"og:locale\" content=\"ca_ES\" \/>\n<meta property=\"og:type\" content=\"article\" \/>\n<meta property=\"og:title\" content=\"Activitats per potenciar la creativitat i el benestar - Planeta Magic Barcelona\" \/>\n<meta property=\"og:description\" content=\"Volem desenvolupar el creixement infantil i familiar a trav\u00e9s de diferents activitats i tallers. Aprendre jugant i innovar s\u00f3n les nostres premisses.\" \/>\n<meta property=\"og:url\" content=\"https:\/\/www.planetamagicbarcelona.com\/ca\/activitats\" \/>\n<meta property=\"og:site_name\" content=\"Planeta Magic Barcelona\" \/>\n<meta property=\"article:modified_time\" content=\"2026-01-18T12:06:54+00:00\" \/>\n<meta name=\"twitter:card\" content=\"summary_large_image\" \/>\n<meta name=\"twitter:label1\" content=\"Est. reading time\" \/>\n\t<meta name=\"twitter:data1\" content=\"2 minutes\" \/>\n<script type=\"application\/ld+json\" class=\"yoast-schema-graph\">{\"@context\":\"https:\\\/\\\/schema.org\",\"@graph\":[{\"@type\":\"WebPage\",\"@id\":\"https:\\\/\\\/www.planetamagicbarcelona.com\\\/ca\\\/activitats\",\"url\":\"https:\\\/\\\/www.planetamagicbarcelona.com\\\/ca\\\/activitats\",\"name\":\"Activitats per potenciar la creativitat i el benestar - Planeta Magic Barcelona\",\"isPartOf\":{\"@id\":\"https:\\\/\\\/www.planetamagicbarcelona.com\\\/ca#website\"},\"datePublished\":\"2017-01-23T16:32:08+00:00\",\"dateModified\":\"2026-01-18T12:06:54+00:00\",\"description\":\"Volem desenvolupar el creixement infantil i familiar a trav\u00e9s de diferents activitats i tallers. Aprendre jugant i innovar s\u00f3n les nostres premisses.\",\"breadcrumb\":{\"@id\":\"https:\\\/\\\/www.planetamagicbarcelona.com\\\/ca\\\/activitats#breadcrumb\"},\"inLanguage\":\"ca-ES\",\"potentialAction\":[{\"@type\":\"ReadAction\",\"target\":[\"https:\\\/\\\/www.planetamagicbarcelona.com\\\/ca\\\/activitats\"]}]},{\"@type\":\"BreadcrumbList\",\"@id\":\"https:\\\/\\\/www.planetamagicbarcelona.com\\\/ca\\\/activitats#breadcrumb\",\"itemListElement\":[{\"@type\":\"ListItem\",\"position\":1,\"name\":\"Portada\",\"item\":\"https:\\\/\\\/www.planetamagicbarcelona.com\\\/ca\"},{\"@type\":\"ListItem\",\"position\":2,\"name\":\"ACTIVITATS\"}]},{\"@type\":\"WebSite\",\"@id\":\"https:\\\/\\\/www.planetamagicbarcelona.com\\\/ca#website\",\"url\":\"https:\\\/\\\/www.planetamagicbarcelona.com\\\/ca\",\"name\":\"Planeta Magic Barcelona\",\"description\":\"Diversi&oacute;n para toda tu familia\",\"potentialAction\":[{\"@type\":\"SearchAction\",\"target\":{\"@type\":\"EntryPoint\",\"urlTemplate\":\"https:\\\/\\\/www.planetamagicbarcelona.com\\\/ca?s={search_term_string}\"},\"query-input\":{\"@type\":\"PropertyValueSpecification\",\"valueRequired\":true,\"valueName\":\"search_term_string\"}}],\"inLanguage\":\"ca-ES\"}]}<\/script>\n<!-- \/ Yoast SEO plugin. -->","yoast_head_json":{"title":"Activitats per potenciar la creativitat i el benestar - Planeta Magic Barcelona","description":"Volem desenvolupar el creixement infantil i familiar a trav\u00e9s de diferents activitats i tallers. Aprendre jugant i innovar s\u00f3n les nostres premisses.","robots":{"index":"index","follow":"follow","max-snippet":"max-snippet:-1","max-image-preview":"max-image-preview:large","max-video-preview":"max-video-preview:-1"},"canonical":"https:\/\/www.planetamagicbarcelona.com\/ca\/activitats","og_locale":"ca_ES","og_type":"article","og_title":"Activitats per potenciar la creativitat i el benestar - Planeta Magic Barcelona","og_description":"Volem desenvolupar el creixement infantil i familiar a trav\u00e9s de diferents activitats i tallers. Aprendre jugant i innovar s\u00f3n les nostres premisses.","og_url":"https:\/\/www.planetamagicbarcelona.com\/ca\/activitats","og_site_name":"Planeta Magic Barcelona","article_modified_time":"2026-01-18T12:06:54+00:00","twitter_card":"summary_large_image","twitter_misc":{"Est. reading time":"2 minutes"},"schema":{"@context":"https:\/\/schema.org","@graph":[{"@type":"WebPage","@id":"https:\/\/www.planetamagicbarcelona.com\/ca\/activitats","url":"https:\/\/www.planetamagicbarcelona.com\/ca\/activitats","name":"Activitats per potenciar la creativitat i el benestar - Planeta Magic Barcelona","isPartOf":{"@id":"https:\/\/www.planetamagicbarcelona.com\/ca#website"},"datePublished":"2017-01-23T16:32:08+00:00","dateModified":"2026-01-18T12:06:54+00:00","description":"Volem desenvolupar el creixement infantil i familiar a trav\u00e9s de diferents activitats i tallers. Aprendre jugant i innovar s\u00f3n les nostres premisses.","breadcrumb":{"@id":"https:\/\/www.planetamagicbarcelona.com\/ca\/activitats#breadcrumb"},"inLanguage":"ca-ES","potentialAction":[{"@type":"ReadAction","target":["https:\/\/www.planetamagicbarcelona.com\/ca\/activitats"]}]},{"@type":"BreadcrumbList","@id":"https:\/\/www.planetamagicbarcelona.com\/ca\/activitats#breadcrumb","itemListElement":[{"@type":"ListItem","position":1,"name":"Portada","item":"https:\/\/www.planetamagicbarcelona.com\/ca"},{"@type":"ListItem","position":2,"name":"ACTIVITATS"}]},{"@type":"WebSite","@id":"https:\/\/www.planetamagicbarcelona.com\/ca#website","url":"https:\/\/www.planetamagicbarcelona.com\/ca","name":"Planeta Magic Barcelona","description":"Diversi&oacute;n para toda tu familia","potentialAction":[{"@type":"SearchAction","target":{"@type":"EntryPoint","urlTemplate":"https:\/\/www.planetamagicbarcelona.com\/ca?s={search_term_string}"},"query-input":{"@type":"PropertyValueSpecification","valueRequired":true,"valueName":"search_term_string"}}],"inLanguage":"ca-ES"}]}},"_links":{"self":[{"href":"https:\/\/www.planetamagicbarcelona.com\/ca\/wp-json\/wp\/v2\/pages\/4582","targetHints":{"allow":["GET"]}}],"collection":[{"href":"https:\/\/www.planetamagicbarcelona.com\/ca\/wp-json\/wp\/v2\/pages"}],"about":[{"href":"https:\/\/www.planetamagicbarcelona.com\/ca\/wp-json\/wp\/v2\/types\/page"}],"author":[{"embeddable":true,"href":"https:\/\/www.planetamagicbarcelona.com\/ca\/wp-json\/wp\/v2\/users\/1"}],"replies":[{"embeddable":true,"href":"https:\/\/www.planetamagicbarcelona.com\/ca\/wp-json\/wp\/v2\/comments?post=4582"}],"version-history":[{"count":2,"href":"https:\/\/www.planetamagicbarcelona.com\/ca\/wp-json\/wp\/v2\/pages\/4582\/revisions"}],"predecessor-version":[{"id":7521,"href":"https:\/\/www.planetamagicbarcelona.com\/ca\/wp-json\/wp\/v2\/pages\/4582\/revisions\/7521"}],"wp:featuredmedia":[{"embeddable":true,"href":"https:\/\/www.planetamagicbarcelona.com\/ca\/wp-json\/"}],"wp:attachment":[{"href":"https:\/\/www.planetamagicbarcelona.com\/ca\/wp-json\/wp\/v2\/media?parent=4582"}],"curies":[{"name":"wp","href":"https:\/\/api.w.org\/{rel}","templated":true}]}}