{"id":4540,"date":"2017-01-21T15:00:18","date_gmt":"2017-01-21T15:00:18","guid":{"rendered":"http:\/\/www.planetamagicbarcelona.com\/chiquipark"},"modified":"2026-01-18T11:25:58","modified_gmt":"2026-01-18T11:25:58","slug":"chiquipark","status":"publish","type":"page","link":"https:\/\/www.planetamagicbarcelona.com\/ca\/chiquipark","title":{"rendered":"CHIQUIPARK"},"content":{"rendered":"<div class=\"wpb-content-wrapper\"><p>[vc_row][vc_column width=&#8221;2\/3&#8243;][vc_empty_space]<div id=\"ultimate-heading-520669dc3ec7df6a3\" class=\"uvc-heading ult-adjust-bottom-margin ultimate-heading-520669dc3ec7df6a3 uvc-7565 \" data-hspacer=\"no_spacer\"  data-halign=\"left\" style=\"text-align:left\"><div class=\"uvc-heading-spacer no_spacer\" style=\"top\"><\/div><div class=\"uvc-main-heading ult-responsive\"  data-ultimate-target='.uvc-heading.ultimate-heading-520669dc3ec7df6a3 h1'  data-responsive-json-new='{\"font-size\":\"desktop:24px;\",\"line-height\":\"\"}' ><h1 style=\"font-weight:bold;color:#cf0d40;\">VINE A JUGAR AL CHIQUIPARK!<\/h1><\/div><\/div><div id=\"ultimate-heading-288169dc3ec7df71e\" class=\"uvc-heading ult-adjust-bottom-margin ultimate-heading-288169dc3ec7df71e uvc-2390 \" data-hspacer=\"no_spacer\"  data-halign=\"left\" style=\"text-align:left\"><div class=\"uvc-heading-spacer no_spacer\" style=\"top\"><\/div><div class=\"uvc-main-heading ult-responsive\"  data-ultimate-target='.uvc-heading.ultimate-heading-288169dc3ec7df71e h2'  data-responsive-json-new='{\"font-size\":\"desktop:20px;\",\"line-height\":\"\"}' ><h2 style=\"font-style:italic;font-weight:normal;color:#848484;\">600 m2 de jocs i diversi\u00f3!<\/h2><\/div><\/div>[vc_column_text]<\/p>\n<h1 style=\"text-align: justify;\"><span style=\"font-weight: 400;\"><strong>Planeta Magic Barcelona<\/strong> \u00e9s un <strong>parc infantil<\/strong> per a tots els nens i nenes de 0 a 12 anys, i podeu venir quan vulgueu, sense reserva pr\u00e8via!!.<\/span><span style=\"font-weight: 400;\"><br \/>\n<\/span><span style=\"font-weight: 400;\">Gaudim organitzant <strong>activitats i esdeveniments<\/strong> <strong>especials<\/strong> durant tot l&#8217;any <strong>amb l&#8217;objectiu d&#8217;explorar la imaginaci\u00f3 i la creativitat.<br \/>\n<\/strong><\/span><span style=\"font-weight: 400;\"><br \/>\n<\/span><span style=\"font-weight: 400;\">Disposem de <strong>600 m2 de parc infantil<\/strong> a Barcelona per jugar i riure en un entorn \u00fanic. Existeix una zona separada pels m\u00e9s petits <strong>i gran varietat de jocs<\/strong> pels m\u00e9s grans amb llits el\u00e0stics, inflable gegant i estructura de 3 pisos amb tobogan que et llan\u00e7a a una piscina de boles.<br \/>\n<\/span><span style=\"font-weight: 400;\"><br \/>\n<\/span><span style=\"font-weight: 400;\">La nostre estrella \u00e9s <strong>l&#8217;escenari centra<\/strong>l on celebrem d&#8217;una manera diferent els aniversaris i sorprenem a les fam\u00edlies amb espectacles de teatre, balls, musicals, m\u00e0gia, globoflexia, maquillatge\u2026<\/span><span style=\"font-weight: 400;\"><br \/>\n<\/span><\/h1>\n<p>[\/vc_column_text][\/vc_column][vc_column width=&#8221;1\/3&#8243;][vc_empty_space][vc_single_image image=&#8221;4244&#8243; img_size=&#8221;full&#8221; alignment=&#8221;right&#8221; css_animation=&#8221;appear&#8221;][\/vc_column][\/vc_row][vc_row bg_type=&#8221;image&#8221; parallax_style=&#8221;vcpb-vz-jquery&#8221; bg_image_new=&#8221;id^4245|url^http:\/\/www.planetamagicbarcelona.com\/wp-content\/uploads\/2017\/01\/chiquipark-camas-elasticas.png|caption^null|alt^null|title^chiquipark-camas-elasticas|description^null&#8221; bg_image_repeat=&#8221;no-repeat&#8221; bg_override=&#8221;full&#8221; enable_overlay=&#8221;enable_overlay_value&#8221; overlay_color=&#8221;rgba(0,0,0,0.39)&#8221; overlay_pattern=&#8221;transperant&#8221;][vc_column][vc_row_inner][vc_column_inner][vc_custom_heading text=&#8221;600 m2 per jugar&#8221; font_container=&#8221;tag:h2|font_size:30|text_align:center|color:%23ffffff&#8221; google_fonts=&#8221;font_family:Arvo%3Aregular%2Citalic%2C700%2C700italic|font_style:700%20bold%20regular%3A700%3Anormal&#8221;][vc_custom_heading text=&#8221;Diversi\u00f3 assegurada en un entorn \u00fanic i segur&#8221; font_container=&#8221;tag:h3|font_size:18|text_align:center|color:%23ffffff&#8221; google_fonts=&#8221;font_family:Arvo%3Aregular%2Citalic%2C700%2C700italic|font_style:400%20regular%3A400%3Anormal&#8221;][\/vc_column_inner][\/vc_row_inner][vc_row_inner][vc_column_inner width=&#8221;1\/2&#8243;]<div id=\"ultimate-heading-439269dc3ec7df773\" class=\"uvc-heading ult-adjust-bottom-margin ultimate-heading-439269dc3ec7df773 uvc-5878 \" data-hspacer=\"no_spacer\"  data-halign=\"left\" style=\"text-align:left\"><div class=\"uvc-heading-spacer no_spacer\" style=\"top\"><\/div><div class=\"uvc-sub-heading ult-responsive\"  data-ultimate-target='.uvc-heading.ultimate-heading-439269dc3ec7df773 .uvc-sub-heading '  data-responsive-json-new='{\"font-size\":\"desktop:24px;\",\"line-height\":\"\"}'  style=\"font-family:&#039;Arvo&#039;;font-weight:normal;font-style:normal;color:#ffffff;\"><span style=\"color: #ffffff;\"><i class=\"icon-check\" style=\"\" aria-hidden=\"true\"><\/i><\/span><span style=\"color: #ffffff;\"> <span style=\"font-weight: 400;\">Piscina de boles amb tobogan<\/span><span style=\"font-weight: 400;\"><br \/>\n<\/span><\/span><\/p>\n<p>&nbsp;<\/p>\n<p><i class=\"icon-check\" style=\"\" aria-hidden=\"true\"><\/i>\u00a0<span style=\"font-weight: 400;\">Llits el\u00e0stics<\/span><span style=\"font-weight: 400;\"><br \/>\n<\/span><\/p>\n<h2 style=\"text-align: left;\"><\/h2>\n<h2><\/h2>\n<p><\/div><\/div>[\/vc_column_inner][vc_column_inner width=&#8221;1\/2&#8243;]<div id=\"ultimate-heading-171869dc3ec7df829\" class=\"uvc-heading ult-adjust-bottom-margin ultimate-heading-171869dc3ec7df829 uvc-9073 \" data-hspacer=\"no_spacer\"  data-halign=\"center\" style=\"text-align:center\"><div class=\"uvc-heading-spacer no_spacer\" style=\"top\"><\/div><div class=\"uvc-sub-heading ult-responsive\"  data-ultimate-target='.uvc-heading.ultimate-heading-171869dc3ec7df829 .uvc-sub-heading '  data-responsive-json-new='{\"font-size\":\"desktop:24px;\",\"line-height\":\"\"}'  style=\"font-family:&#039;Arvo&#039;;font-weight:normal;color:#ffffff;\"><\/p>\n<p style=\"text-align: left;\"><span style=\"color: #ffffff;\"><i class=\"icon-check\" style=\"\" aria-hidden=\"true\"><\/i> <span style=\"font-weight: 400;\">Estructura amb jocs de 3 pisos<\/span><span style=\"font-weight: 400;\"><br \/>\n<\/span><\/div><\/div>[\/vc_column_inner][\/vc_row_inner]<div class=\" ubtn-ctn-center \"><a class=\"ubtn-link ult-adjust-bottom-margin ubtn-center ubtn-large \" href=\"http:\/\/www.planetamagicbarcelona.com\/ca\/el-nostre-chiquipark\" title=\"+ INFO\" ><button type=\"button\" id=\"ubtn-7018\"  class=\"ubtn ult-adjust-bottom-margin ult-responsive ubtn-large ubtn-fade-bg  ulta-pulse  ubtn-center   tooltip-69dc3ec7df8ce\"  data-hover=\"\" data-border-color=\"\" data-bg=\"#0daf2b\" data-hover-bg=\"\" data-border-hover=\"\" data-shadow-hover=\"\" data-shadow-click=\"none\" data-shadow=\"\" data-shd-shadow=\"\"  data-ultimate-target='#ubtn-7018'  data-responsive-json-new='{\"font-size\":\"desktop:16px;\",\"line-height\":\"\"}'  style=\"font-weight:bold;border:none;background: #0daf2b;color: #ffffff;\"><span class=\"ubtn-hover\" style=\"background-color:\"><\/span><span class=\"ubtn-data ubtn-text \" >+ INFO<\/span><\/button><\/a><\/div>[\/vc_column][\/vc_row][vc_row][vc_column width=&#8221;1\/3&#8243;][vc_column_text]<\/p>\n<h3 style=\"text-align: justify;\"><strong>Cuidem de cada detall perqu\u00e8 creiem fidelment que el bon ambient i les experi\u00e8ncies \u00faniques es construeixen dia a dia, i per aix\u00f2 el nostre equip d&#8217;animadores i monitoras est\u00e0 permanentment vetllant pels nens i nenes i assegurant-se que visquin un moment d&#8217;oci \u00fanic i ple de diversi\u00f3.<br \/>\nPerqu\u00e8 l&#8217;experi\u00e8ncia sigui m\u00e9s agradable, disposem d&#8217;un bar- cafeteria on podeu esmorzar i berenar, i si us animeu, els caps de setmana comptem amb el nostre restaurant familiar perqu\u00e8 pugueu gaudir amb tota la vostra fam\u00edlia o grup d&#8217;amics d&#8217;un menjar festiu i delici\u00f3s.<\/strong><\/h3>\n<h3><\/h3>\n<p>[\/vc_column_text][\/vc_column][vc_column width=&#8221;1\/3&#8243;][vc_single_image image=&#8221;4251&#8243; img_size=&#8221;full&#8221; alignment=&#8221;right&#8221; css_animation=&#8221;appear&#8221;][\/vc_column][vc_column width=&#8221;1\/3&#8243;][vc_single_image image=&#8221;5510&#8243; img_size=&#8221;full&#8221; alignment=&#8221;center&#8221; css_animation=&#8221;appear&#8221; css=&#8221;.vc_custom_1533643254555{margin-left: 150px !important;}&#8221;]<div class=\"ult_pricing_table_wrap ult_design_4  ult-cs-custom   vc_custom_1768735553136\">\n\t\t\t\t\t<div class=\"ult_pricing_table \" style=\"background:#ffffff;border-top-color:#dd3333;color:#000000;\"><div id=\"price-table-wrap-4919\" class=\"ult_pricing_heading\">\n\t\t\t\t\t\t\t<h3 class=\"price-heading ult-responsive cust-headformat\"  data-ultimate-target='#price-table-wrap-4919 .cust-headformat'  data-responsive-json-new='{\"font-size\":\"\",\"line-height\":\"\"}'  style=\"font-weight:normal;\"><\/h3><\/div><!--ult_pricing_heading--><div class=\"ult_price_body_block\">\n\t\t\t\t\t\t\t<div class=\"ult_price_body\">\n\t\t\t\t\t\t\t\t<div id=\"price-table-wrap-2521\"  class=\"ult_price\">\n\t\t\t\t\t\t\t\t\t<span  data-ultimate-target='#price-table-wrap-2521 .ult_price_figure'  data-responsive-json-new='{\"font-size\":\"\",\"line-height\":\"\"}'  class=\"ult_price_figure ult-responsive\" style=\"font-weight:normal;\"><\/span>\n\t\t\t\t\t\t\t\t\t<span  data-ultimate-target='#price-table-wrap-2521 .ult_price_term'  data-responsive-json-new='{\"font-size\":\"\",\"line-height\":\"\"}'  class=\"ult_price_term ult-responsive\" style=\"font-weight:normal;\"><\/span>\n\t\t\t\t\t\t\t\t<\/div>\n\t\t\t\t\t\t\t<\/div>\n\t\t\t\t\t\t<\/div><!--ult_price_body_block--><div id=\"price-table-features-wrap-3419\" class=\"ult_price_features ult-responsive\"  data-ultimate-target='#price-table-features-wrap-3419'  data-responsive-json-new='{\"font-size\":\"\",\"line-height\":\"\"}'  style=\"font-weight:normal;\">\n\t\t\t\t\t\t\t<h3 style=\"text-align: center;\"><\/h3>\n<h3 style=\"text-align: center;\"><strong><span style=\"color: #c91241;\">Dilluns \u00b7 Divendres<\/span><\/strong><\/h3>\n<h3 class=\"_04xlpA direction-ltr align-center para-style-body\" style=\"text-align: center;\"><span class=\"JsGRdQ\">9:00 a 14:00 Escoles i Teambuildings<\/span><\/h3>\n<h3 style=\"text-align: center;\"><strong><span style=\"color: #c91241;\">Dimecres \u00b7 Dijous <\/span><\/strong><span class=\"JsGRdQ\">17:00 a 20:30 hs<\/span><\/h3>\n<h3 style=\"text-align: center;\">1 hora <strong><span style=\"color: #69af49;\">8\u20ac<\/span> &#8211;&nbsp; <\/strong>Toda la tarde <strong><span style=\"color: #69af49;\">10\u20ac<\/span><\/strong><\/h3>\n<h3 style=\"text-align: center;\"><span style=\"color: #c91241;\"><strong>Divendres <\/strong><\/span>17 a 21 hs<\/h3>\n<h3 style=\"text-align: center;\">1 hora <strong><span style=\"color: #69af49;\">9<\/span><\/strong><strong><span style=\"color: #69af49;\">\u20ac<\/span>&#8211;&nbsp; <\/strong>Complet <strong><span style=\"color: #69af49;\">11\u20ac<\/span><\/strong><\/h3>\n<h3 style=\"text-align: center;\"><span style=\"color: #c91241;\"><strong>Dissabtes&nbsp;<\/strong><\/span><span style=\"color: #c91241;\">\u00b7&nbsp;<\/span><span style=\"color: #c91241;\"><strong>Diumenges \u00b7 Festius<\/strong><\/span><\/h3>\n<h3 style=\"text-align: center;\"><span style=\"color: #c91241;\"><span style=\"color: #000000;\"><em>Mati<\/em><\/span><\/span> d&#8217;11 a 14 hs<\/h3>\n<h3 style=\"text-align: center;\"><span style=\"color: #000000;\"><i>Tarda <\/i><\/span>d&#8217;17 a 21 hs<\/h3>\n<h3 style=\"text-align: center;\"><em>Diumenge tarda 17 a 20:30hs<\/em><\/h3>\n<h3 style=\"text-align: center;\">1 hora <strong><span style=\"color: #69af49;\">9\u20ac<\/span>&#8211;&nbsp; <\/strong>Complet <span style=\"color: #69af49;\"><strong>11<\/strong><\/span><span style=\"color: #69af49;\"><strong>\u20ac<\/strong><\/span><\/h3>\n\n\t\t\t\t\t\t<\/div><!--ult_price_features--><div class=\"ult_clr\"><\/div>\n\t\t\t<\/div><!--pricing_table-->\n\t\t<\/div><!--pricing_table_wrap-->[\/vc_column][\/vc_row][vc_row bg_type=&#8221;image&#8221; parallax_style=&#8221;vcpb-vz-jquery&#8221; bg_image_new=&#8221;id^4156|url^http:\/\/www.planetamagicbarcelona.com\/wp-content\/uploads\/2016\/12\/confetti_fondo.png|caption^null|alt^null|title^confetti_fondo|description^null&#8221; bg_image_repeat=&#8221;no-repeat&#8221; bg_override=&#8221;full&#8221; css=&#8221;.vc_custom_1484327875362{background-position: 0 0 !important;background-repeat: no-repeat !important;}&#8221;][vc_column css=&#8221;.vc_custom_1481126931798{background-position: center !important;background-repeat: no-repeat !important;background-size: cover !important;}&#8221;]<div id=\"ultimate-heading-531369dc3ec7e0229\" class=\"uvc-heading ult-adjust-bottom-margin ultimate-heading-531369dc3ec7e0229 uvc-3978 \" data-hspacer=\"no_spacer\"  data-halign=\"center\" style=\"text-align:center\"><div class=\"uvc-heading-spacer no_spacer\" style=\"top\"><\/div><div class=\"uvc-sub-heading ult-responsive\"  data-ultimate-target='.uvc-heading.ultimate-heading-531369dc3ec7e0229 .uvc-sub-heading '  data-responsive-json-new='{\"font-size\":\"desktop:25px;\",\"line-height\":\"desktop:34px;\"}'  style=\"font-family:&#039;Arvo&#039;;font-weight:normal;color:#ffffff;\"><\/p>\n<p style=\"text-align: center;\"><strong>Saps que l&#8217;experts recomanen que els nens juguin i realitzin activitat f\u00edsica cada dia?<br \/>\nUn motiu m\u00e9s per venir a Planeta Magic a passar-ho b\u00e9. Us assegurem que no van a estar quiets ni un segon!<\/strong><\/div><\/div>[\/vc_column][\/vc_row][vc_row full_width=&#8221;stretch_row&#8221; css=&#8221;.vc_custom_1485630294450{background-position: center !important;background-repeat: no-repeat !important;background-size: cover !important;}&#8221;][vc_column][vc_single_image image=&#8221;4570&#8243; img_size=&#8221;full&#8221; css_animation=&#8221;appear&#8221;][vc_images_carousel images=&#8221;4410,4411,4412,4409,4413&#8243; img_size=&#8221;&#8221; slides_per_view=&#8221;5&#8243;][\/vc_column][\/vc_row]<\/p>\n<\/div>","protected":false},"excerpt":{"rendered":"<p>[vc_row][vc_column width=&#8221;2\/3&#8243;][vc_empty_space][vc_column_text] Planeta Magic Barcelona \u00e9s un parc infantil per a tots els nens i nenes de 0 a 12 anys, i podeu venir quan vulgueu,<span class=\"excerpt-hellip\"> [\u2026]<\/span><\/p>\n","protected":false},"author":1,"featured_media":-1,"parent":0,"menu_order":0,"comment_status":"closed","ping_status":"closed","template":"","meta":{"_joinchat":[],"footnotes":""},"class_list":["post-4540","page","type-page","status-publish","has-post-thumbnail","hentry"],"yoast_head":"<!-- This site is optimized with the Yoast SEO plugin v27.3 - https:\/\/yoast.com\/product\/yoast-seo-wordpress\/ -->\n<title>Vine a con\u00e8ixer i gaudir el nostre Chiquipark! - Planeta Magic Barcelona<\/title>\n<meta name=\"description\" content=\"El nostre chiquipark t\u00e9 m\u00e9s de 600 m2 per jugar! Piscina de boles, tobogan, 1 inflable tem\u00e0tic gegant, llits el\u00e0stics i una gran estructura de 3 pisos\" \/>\n<meta name=\"robots\" content=\"index, follow, max-snippet:-1, max-image-preview:large, max-video-preview:-1\" \/>\n<link rel=\"canonical\" href=\"https:\/\/www.planetamagicbarcelona.com\/ca\/chiquipark\" \/>\n<meta property=\"og:locale\" content=\"ca_ES\" \/>\n<meta property=\"og:type\" content=\"article\" \/>\n<meta property=\"og:title\" content=\"Vine a con\u00e8ixer i gaudir el nostre Chiquipark! - Planeta Magic Barcelona\" \/>\n<meta property=\"og:description\" content=\"El nostre chiquipark t\u00e9 m\u00e9s de 600 m2 per jugar! Piscina de boles, tobogan, 1 inflable tem\u00e0tic gegant, llits el\u00e0stics i una gran estructura de 3 pisos\" \/>\n<meta property=\"og:url\" content=\"https:\/\/www.planetamagicbarcelona.com\/ca\/chiquipark\" \/>\n<meta property=\"og:site_name\" content=\"Planeta Magic Barcelona\" \/>\n<meta property=\"article:modified_time\" content=\"2026-01-18T11:25:58+00:00\" \/>\n<meta name=\"twitter:card\" content=\"summary_large_image\" \/>\n<meta name=\"twitter:label1\" content=\"Est. reading time\" \/>\n\t<meta name=\"twitter:data1\" content=\"3 minutes\" \/>\n<script type=\"application\/ld+json\" class=\"yoast-schema-graph\">{\"@context\":\"https:\\\/\\\/schema.org\",\"@graph\":[{\"@type\":\"WebPage\",\"@id\":\"https:\\\/\\\/www.planetamagicbarcelona.com\\\/ca\\\/chiquipark\",\"url\":\"https:\\\/\\\/www.planetamagicbarcelona.com\\\/ca\\\/chiquipark\",\"name\":\"Vine a con\u00e8ixer i gaudir el nostre Chiquipark! - Planeta Magic Barcelona\",\"isPartOf\":{\"@id\":\"https:\\\/\\\/www.planetamagicbarcelona.com\\\/ca#website\"},\"datePublished\":\"2017-01-21T15:00:18+00:00\",\"dateModified\":\"2026-01-18T11:25:58+00:00\",\"description\":\"El nostre chiquipark t\u00e9 m\u00e9s de 600 m2 per jugar! Piscina de boles, tobogan, 1 inflable tem\u00e0tic gegant, llits el\u00e0stics i una gran estructura de 3 pisos\",\"breadcrumb\":{\"@id\":\"https:\\\/\\\/www.planetamagicbarcelona.com\\\/ca\\\/chiquipark#breadcrumb\"},\"inLanguage\":\"ca-ES\",\"potentialAction\":[{\"@type\":\"ReadAction\",\"target\":[\"https:\\\/\\\/www.planetamagicbarcelona.com\\\/ca\\\/chiquipark\"]}]},{\"@type\":\"BreadcrumbList\",\"@id\":\"https:\\\/\\\/www.planetamagicbarcelona.com\\\/ca\\\/chiquipark#breadcrumb\",\"itemListElement\":[{\"@type\":\"ListItem\",\"position\":1,\"name\":\"Portada\",\"item\":\"https:\\\/\\\/www.planetamagicbarcelona.com\\\/ca\"},{\"@type\":\"ListItem\",\"position\":2,\"name\":\"CHIQUIPARK\"}]},{\"@type\":\"WebSite\",\"@id\":\"https:\\\/\\\/www.planetamagicbarcelona.com\\\/ca#website\",\"url\":\"https:\\\/\\\/www.planetamagicbarcelona.com\\\/ca\",\"name\":\"Planeta Magic Barcelona\",\"description\":\"Diversi&oacute;n para toda tu familia\",\"potentialAction\":[{\"@type\":\"SearchAction\",\"target\":{\"@type\":\"EntryPoint\",\"urlTemplate\":\"https:\\\/\\\/www.planetamagicbarcelona.com\\\/ca?s={search_term_string}\"},\"query-input\":{\"@type\":\"PropertyValueSpecification\",\"valueRequired\":true,\"valueName\":\"search_term_string\"}}],\"inLanguage\":\"ca-ES\"}]}<\/script>\n<!-- \/ Yoast SEO plugin. -->","yoast_head_json":{"title":"Vine a con\u00e8ixer i gaudir el nostre Chiquipark! - Planeta Magic Barcelona","description":"El nostre chiquipark t\u00e9 m\u00e9s de 600 m2 per jugar! Piscina de boles, tobogan, 1 inflable tem\u00e0tic gegant, llits el\u00e0stics i una gran estructura de 3 pisos","robots":{"index":"index","follow":"follow","max-snippet":"max-snippet:-1","max-image-preview":"max-image-preview:large","max-video-preview":"max-video-preview:-1"},"canonical":"https:\/\/www.planetamagicbarcelona.com\/ca\/chiquipark","og_locale":"ca_ES","og_type":"article","og_title":"Vine a con\u00e8ixer i gaudir el nostre Chiquipark! - Planeta Magic Barcelona","og_description":"El nostre chiquipark t\u00e9 m\u00e9s de 600 m2 per jugar! Piscina de boles, tobogan, 1 inflable tem\u00e0tic gegant, llits el\u00e0stics i una gran estructura de 3 pisos","og_url":"https:\/\/www.planetamagicbarcelona.com\/ca\/chiquipark","og_site_name":"Planeta Magic Barcelona","article_modified_time":"2026-01-18T11:25:58+00:00","twitter_card":"summary_large_image","twitter_misc":{"Est. reading time":"3 minutes"},"schema":{"@context":"https:\/\/schema.org","@graph":[{"@type":"WebPage","@id":"https:\/\/www.planetamagicbarcelona.com\/ca\/chiquipark","url":"https:\/\/www.planetamagicbarcelona.com\/ca\/chiquipark","name":"Vine a con\u00e8ixer i gaudir el nostre Chiquipark! - Planeta Magic Barcelona","isPartOf":{"@id":"https:\/\/www.planetamagicbarcelona.com\/ca#website"},"datePublished":"2017-01-21T15:00:18+00:00","dateModified":"2026-01-18T11:25:58+00:00","description":"El nostre chiquipark t\u00e9 m\u00e9s de 600 m2 per jugar! Piscina de boles, tobogan, 1 inflable tem\u00e0tic gegant, llits el\u00e0stics i una gran estructura de 3 pisos","breadcrumb":{"@id":"https:\/\/www.planetamagicbarcelona.com\/ca\/chiquipark#breadcrumb"},"inLanguage":"ca-ES","potentialAction":[{"@type":"ReadAction","target":["https:\/\/www.planetamagicbarcelona.com\/ca\/chiquipark"]}]},{"@type":"BreadcrumbList","@id":"https:\/\/www.planetamagicbarcelona.com\/ca\/chiquipark#breadcrumb","itemListElement":[{"@type":"ListItem","position":1,"name":"Portada","item":"https:\/\/www.planetamagicbarcelona.com\/ca"},{"@type":"ListItem","position":2,"name":"CHIQUIPARK"}]},{"@type":"WebSite","@id":"https:\/\/www.planetamagicbarcelona.com\/ca#website","url":"https:\/\/www.planetamagicbarcelona.com\/ca","name":"Planeta Magic Barcelona","description":"Diversi&oacute;n para toda tu familia","potentialAction":[{"@type":"SearchAction","target":{"@type":"EntryPoint","urlTemplate":"https:\/\/www.planetamagicbarcelona.com\/ca?s={search_term_string}"},"query-input":{"@type":"PropertyValueSpecification","valueRequired":true,"valueName":"search_term_string"}}],"inLanguage":"ca-ES"}]}},"_links":{"self":[{"href":"https:\/\/www.planetamagicbarcelona.com\/ca\/wp-json\/wp\/v2\/pages\/4540","targetHints":{"allow":["GET"]}}],"collection":[{"href":"https:\/\/www.planetamagicbarcelona.com\/ca\/wp-json\/wp\/v2\/pages"}],"about":[{"href":"https:\/\/www.planetamagicbarcelona.com\/ca\/wp-json\/wp\/v2\/types\/page"}],"author":[{"embeddable":true,"href":"https:\/\/www.planetamagicbarcelona.com\/ca\/wp-json\/wp\/v2\/users\/1"}],"replies":[{"embeddable":true,"href":"https:\/\/www.planetamagicbarcelona.com\/ca\/wp-json\/wp\/v2\/comments?post=4540"}],"version-history":[{"count":6,"href":"https:\/\/www.planetamagicbarcelona.com\/ca\/wp-json\/wp\/v2\/pages\/4540\/revisions"}],"predecessor-version":[{"id":7511,"href":"https:\/\/www.planetamagicbarcelona.com\/ca\/wp-json\/wp\/v2\/pages\/4540\/revisions\/7511"}],"wp:featuredmedia":[{"embeddable":true,"href":"https:\/\/www.planetamagicbarcelona.com\/ca\/wp-json\/"}],"wp:attachment":[{"href":"https:\/\/www.planetamagicbarcelona.com\/ca\/wp-json\/wp\/v2\/media?parent=4540"}],"curies":[{"name":"wp","href":"https:\/\/api.w.org\/{rel}","templated":true}]}}